{"id":57754,"date":"2019-11-08T14:54:58","date_gmt":"2019-11-08T14:54:58","guid":{"rendered":"https:\/\/the7.io\/elementor-starter\/?page_id=2"},"modified":"2023-12-20T15:17:58","modified_gmt":"2023-12-20T15:17:58","slug":"pocetna-n","status":"publish","type":"page","link":"https:\/\/entasis.ba\/en\/","title":{"rendered":"Po\u010detna n"},"content":{"rendered":"<div data-elementor-type=\"wp-page\" data-elementor-id=\"57754\" class=\"elementor elementor-57754\">\n\t\t\t\t\t\t<div class=\"elementor-inner\">\n\t\t\t\t<div class=\"elementor-section-wrap\">\n\t\t\t\t\t\t\t\t\t<section class=\"elementor-section elementor-top-section elementor-element elementor-element-32bdb09 elementor-section-full_width elementor-section-stretched elementor-section-height-default elementor-section-height-default\" data-id=\"32bdb09\" data-element_type=\"section\" data-settings=\"{&quot;background_background&quot;:&quot;classic&quot;,&quot;stretch_section&quot;:&quot;section-stretched&quot;}\">\n\t\t\t\t\t\t<div class=\"elementor-container elementor-column-gap-default\">\n\t\t\t\t\t\t\t<div class=\"elementor-row\">\n\t\t\t\t\t<div class=\"elementor-column elementor-col-100 elementor-top-column elementor-element elementor-element-aa4a47e\" data-id=\"aa4a47e\" data-element_type=\"column\" data-settings=\"{&quot;background_background&quot;:&quot;classic&quot;}\">\n\t\t\t<div class=\"elementor-column-wrap elementor-element-populated\">\n\t\t\t\t\t\t\t<div class=\"elementor-widget-wrap\">\n\t\t\t\t\t\t<section class=\"elementor-section elementor-inner-section elementor-element elementor-element-e25b74f elementor-section-full_width elementor-reverse-mobile elementor-section-height-default elementor-section-height-default\" data-id=\"e25b74f\" data-element_type=\"section\" data-settings=\"{&quot;background_background&quot;:&quot;classic&quot;}\">\n\t\t\t\t\t\t<div class=\"elementor-container elementor-column-gap-default\">\n\t\t\t\t\t\t\t<div class=\"elementor-row\">\n\t\t\t\t\t<div class=\"elementor-column elementor-col-100 elementor-inner-column elementor-element elementor-element-4bb24a7\" data-id=\"4bb24a7\" data-element_type=\"column\">\n\t\t\t<div class=\"elementor-column-wrap elementor-element-populated\">\n\t\t\t\t\t\t\t<div class=\"elementor-widget-wrap\">\n\t\t\t\t\t\t<div class=\"elementor-element elementor-element-59da9a9 elementor-grid-3 elementor-grid-tablet-2 elementor-grid-mobile-1 elementor-posts--thumbnail-top elementor-widget elementor-widget-posts\" data-id=\"59da9a9\" data-element_type=\"widget\" data-settings=\"{&quot;classic_row_gap&quot;:{&quot;unit&quot;:&quot;px&quot;,&quot;size&quot;:31,&quot;sizes&quot;:[]},&quot;classic_columns&quot;:&quot;3&quot;,&quot;classic_columns_tablet&quot;:&quot;2&quot;,&quot;classic_columns_mobile&quot;:&quot;1&quot;,&quot;classic_row_gap_tablet&quot;:{&quot;unit&quot;:&quot;px&quot;,&quot;size&quot;:&quot;&quot;,&quot;sizes&quot;:[]},&quot;classic_row_gap_mobile&quot;:{&quot;unit&quot;:&quot;px&quot;,&quot;size&quot;:&quot;&quot;,&quot;sizes&quot;:[]}}\" data-widget_type=\"posts.classic\">\n\t\t\t\t<div class=\"elementor-widget-container\">\n\t\t\t\t\t<div class=\"elementor-posts-container elementor-posts elementor-posts--skin-classic elementor-grid\">\n\t\t\t\t<article class=\"elementor-post elementor-grid-item post-60928 post type-post status-publish format-standard has-post-thumbnail hentry category-media category-368 description-off\">\n\t\t\t\t<a class=\"elementor-post__thumbnail__link\" href=\"https:\/\/entasis.ba\/en\/2021\/04\/30\/fabrika-i-hrast\/\" >\n\t\t\t<div class=\"elementor-post__thumbnail\"><img width=\"768\" height=\"432\" src=\"https:\/\/entasis.ba\/wp-content\/uploads\/2023\/12\/viber_image_2023-12-20_21-15-34-680-1-768x432.jpg\" class=\"attachment-medium_large size-medium_large\" alt=\"\" loading=\"lazy\" \/><\/div>\n\t\t<\/a>\n\t\t\t\t<div class=\"elementor-post__text\">\n\t\t\t\t<h3 class=\"elementor-post__title\">\n\t\t\t<a href=\"https:\/\/entasis.ba\/en\/2021\/04\/30\/fabrika-i-hrast\/\" >\n\t\t\t\t\u201c100 Women: Architects in Practice\u201d\t\t\t<\/a>\n\t\t<\/h3>\n\t\t\t\t<div class=\"elementor-post__excerpt\">\n\t\t\t<p>Vedina Babahmetovi\u0107 izabrana kao jedna od 100 \u017eena u novoj RIBINOJ knjizi \u201c100 Women: Architects in Practice\u201d<\/p>\n\t\t<\/div>\n\t\t\n\t\t<a class=\"elementor-post__read-more\" href=\"https:\/\/entasis.ba\/en\/2021\/04\/30\/fabrika-i-hrast\/\" >\n\t\t\tLearn More \u00bb\t\t<\/a>\n\n\t\t\t\t<\/div>\n\t\t\t\t<\/article>\n\t\t\t\t<article class=\"elementor-post elementor-grid-item post-59953 post type-post status-publish format-standard has-post-thumbnail hentry category-media category-368 description-off\">\n\t\t\t\t<a class=\"elementor-post__thumbnail__link\" href=\"https:\/\/entasis.ba\/en\/2021\/04\/01\/thermoflux-jajce\/\" >\n\t\t\t<div class=\"elementor-post__thumbnail\"><img width=\"768\" height=\"384\" src=\"https:\/\/entasis.ba\/wp-content\/uploads\/2021\/04\/1X2-Thermoflux-768x384.jpg\" class=\"attachment-medium_large size-medium_large\" alt=\"\" loading=\"lazy\" \/><\/div>\n\t\t<\/a>\n\t\t\t\t<div class=\"elementor-post__text\">\n\t\t\t\t<h3 class=\"elementor-post__title\">\n\t\t\t<a href=\"https:\/\/entasis.ba\/en\/2021\/04\/01\/thermoflux-jajce\/\" >\n\t\t\t\tThermoflux Jajce\t\t\t<\/a>\n\t\t<\/h3>\n\t\t\t\t<div class=\"elementor-post__excerpt\">\n\t\t\t<p>Based on the project task and the existing bases for the industrial complex Thermoflux, a conceptual solution was made for the construction of an administrative building with exhibition space. Given the urban layout of the existing production facilities and the planned construction of new facilities - high-bay warehouse and two-storey garage, the construction of this facility should define the complex as a whole.<\/p>\n\t\t<\/div>\n\t\t\n\t\t<a class=\"elementor-post__read-more\" href=\"https:\/\/entasis.ba\/en\/2021\/04\/01\/thermoflux-jajce\/\" >\n\t\t\tLearn More \u00bb\t\t<\/a>\n\n\t\t\t\t<\/div>\n\t\t\t\t<\/article>\n\t\t\t\t<article class=\"elementor-post elementor-grid-item post-59930 post type-post status-publish format-standard has-post-thumbnail hentry category-media category-368 description-off\">\n\t\t\t\t<a class=\"elementor-post__thumbnail__link\" href=\"https:\/\/entasis.ba\/en\/2021\/04\/01\/banja-tuzla\/\" >\n\t\t\t<div class=\"elementor-post__thumbnail\"><img width=\"768\" height=\"384\" src=\"https:\/\/entasis.ba\/wp-content\/uploads\/2021\/04\/1X2-BANJA-768x384.jpg\" class=\"attachment-medium_large size-medium_large\" alt=\"\" loading=\"lazy\" \/><\/div>\n\t\t<\/a>\n\t\t\t\t<div class=\"elementor-post__text\">\n\t\t\t\t<h3 class=\"elementor-post__title\">\n\t\t\t<a href=\"https:\/\/entasis.ba\/en\/2021\/04\/01\/banja-tuzla\/\" >\n\t\t\t\tBanja Tuzla\t\t\t<\/a>\n\t\t<\/h3>\n\t\t\t\t<div class=\"elementor-post__excerpt\">\n\t\t\t<p>Given the irregularity of the stamp both horizontally and vertically, the architectural task was to develop the design in the direction of an adopted architectural element that is applicable to the entire building and which will be read on the building as a continuous pattern. Since the main facade of the building is southwest, the problem of sun protection had to be solved in the same context.<\/p>\n\t\t<\/div>\n\t\t\n\t\t<a class=\"elementor-post__read-more\" href=\"https:\/\/entasis.ba\/en\/2021\/04\/01\/banja-tuzla\/\" >\n\t\t\tLearn More \u00bb\t\t<\/a>\n\n\t\t\t\t<\/div>\n\t\t\t\t<\/article>\n\t\t\t\t<\/div>\n\n\n\t\t\n\t\t\t\t<\/div>\n\t\t\t\t<\/div>\n\t\t\t\t\t\t<\/div>\n\t\t\t\t\t<\/div>\n\t\t<\/div>\n\t\t\t\t\t\t\t\t<\/div>\n\t\t\t\t\t<\/div>\n\t\t<\/section>\n\t\t\t\t\t\t<\/div>\n\t\t\t\t\t<\/div>\n\t\t<\/div>\n\t\t\t\t\t\t\t\t<\/div>\n\t\t\t\t\t<\/div>\n\t\t<\/section>\n\t\t\t\t\t\t\t\t\t<\/div>\n\t\t\t<\/div>\n\t\t\t\t\t<\/div>","protected":false},"excerpt":{"rendered":"<p>S obzirom na nepravilnost markice kako u horizontalnom, tako i u vertikalnom smislu, arhitektonski zadatak je bio razvijati dizajn u pravcu nekog usvojenog arhitektonskog elementa koji je aplikativan na cijeli objekat i koji \u0107e se na objektu \u010ditati kao kontinuirani patern.S obzirom da je glavna fasada objekta jugozapadna,i problem za\u0161tite od sunca trebalo je rije\u0161iti&hellip;<\/p>","protected":false},"author":1,"featured_media":62039,"parent":0,"menu_order":10,"comment_status":"closed","ping_status":"closed","template":"elementor_header_footer","meta":[],"_links":{"self":[{"href":"https:\/\/entasis.ba\/en\/wp-json\/wp\/v2\/pages\/57754"}],"collection":[{"href":"https:\/\/entasis.ba\/en\/wp-json\/wp\/v2\/pages"}],"about":[{"href":"https:\/\/entasis.ba\/en\/wp-json\/wp\/v2\/types\/page"}],"author":[{"embeddable":true,"href":"https:\/\/entasis.ba\/en\/wp-json\/wp\/v2\/users\/1"}],"replies":[{"embeddable":true,"href":"https:\/\/entasis.ba\/en\/wp-json\/wp\/v2\/comments?post=57754"}],"version-history":[{"count":177,"href":"https:\/\/entasis.ba\/en\/wp-json\/wp\/v2\/pages\/57754\/revisions"}],"predecessor-version":[{"id":62056,"href":"https:\/\/entasis.ba\/en\/wp-json\/wp\/v2\/pages\/57754\/revisions\/62056"}],"wp:featuredmedia":[{"embeddable":true,"href":"https:\/\/entasis.ba\/en\/wp-json\/wp\/v2\/media\/62039"}],"wp:attachment":[{"href":"https:\/\/entasis.ba\/en\/wp-json\/wp\/v2\/media?parent=57754"}],"curies":[{"name":"wp","href":"https:\/\/api.w.org\/{rel}","templated":true}]}}